{"id":748,"date":"2024-10-18T15:14:57","date_gmt":"2024-10-18T13:14:57","guid":{"rendered":"https:\/\/test.satinpoursoie.fr\/?post_type=product&#038;p=748"},"modified":"2024-10-18T15:21:41","modified_gmt":"2024-10-18T13:21:41","slug":"sac-banane","status":"publish","type":"product","link":"https:\/\/test.satinpoursoie.fr\/index.php\/produit\/sac-banane\/","title":{"rendered":"Sac Banane"},"content":{"rendered":"<p>Satin pour Soie vous propose un sac Banane dans l&#8217;air du temps.<\/p>\n<p>De vieux jeans, un carr\u00e9 de Vichy, une sangle assortie et le tour est jou\u00e9.<\/p>\n<p>Je vous propose des sacs banane enti\u00e8rement fait main dans mon atelier.<\/p>\n<p>Un passepoil assorti vient souligner les coutures pour rappeler la doublure int\u00e9rieure.<\/p>\n<p>Chaque mod\u00e8le est donc unique.<\/p>\n","protected":false},"excerpt":{"rendered":"<p>Un sac banane r\u00e9alis\u00e9 \u00e0 partir de jean recycl\u00e9 et de coton Vichy.<\/p>\n<p>Chaque mod\u00e8le est unique, sobre et original.<\/p>\n","protected":false},"featured_media":752,"comment_status":"open","ping_status":"closed","template":"","meta":[],"product_cat":[80,81],"product_tag":[92,88,74,91,85,71,89,78,90,86],"class_list":{"0":"post-748","1":"product","2":"type-product","3":"status-publish","4":"has-post-thumbnail","6":"product_cat-sac_jean","7":"product_cat-sacs","8":"product_tag-auvergne","9":"product_tag-fabrique-en-france","10":"product_tag-fait-main","11":"product_tag-jean-recycle","12":"product_tag-made-in-france","13":"product_tag-sac","14":"product_tag-sac-banae","15":"product_tag-unique","16":"product_tag-upcycling","17":"product_tag-vichy","19":"first","20":"instock","21":"sold-individually","22":"shipping-taxable","23":"purchasable","24":"product-type-variable"},"_links":{"self":[{"href":"https:\/\/test.satinpoursoie.fr\/index.php\/wp-json\/wp\/v2\/product\/748","targetHints":{"allow":["GET"]}}],"collection":[{"href":"https:\/\/test.satinpoursoie.fr\/index.php\/wp-json\/wp\/v2\/product"}],"about":[{"href":"https:\/\/test.satinpoursoie.fr\/index.php\/wp-json\/wp\/v2\/types\/product"}],"replies":[{"embeddable":true,"href":"https:\/\/test.satinpoursoie.fr\/index.php\/wp-json\/wp\/v2\/comments?post=748"}],"wp:featuredmedia":[{"embeddable":true,"href":"https:\/\/test.satinpoursoie.fr\/index.php\/wp-json\/wp\/v2\/media\/752"}],"wp:attachment":[{"href":"https:\/\/test.satinpoursoie.fr\/index.php\/wp-json\/wp\/v2\/media?parent=748"}],"wp:term":[{"taxonomy":"product_cat","embeddable":true,"href":"https:\/\/test.satinpoursoie.fr\/index.php\/wp-json\/wp\/v2\/product_cat?post=748"},{"taxonomy":"product_tag","embeddable":true,"href":"https:\/\/test.satinpoursoie.fr\/index.php\/wp-json\/wp\/v2\/product_tag?post=748"}],"curies":[{"name":"wp","href":"https:\/\/api.w.org\/{rel}","templated":true}]}}