{"id":550,"date":"2023-10-20T15:34:40","date_gmt":"2023-10-20T13:34:40","guid":{"rendered":"https:\/\/test.satinpoursoie.fr\/?post_type=product&#038;p=550"},"modified":"2024-10-18T15:17:18","modified_gmt":"2024-10-18T13:17:18","slug":"sac-shopping","status":"publish","type":"product","link":"https:\/\/test.satinpoursoie.fr\/index.php\/produit\/sac-shopping\/","title":{"rendered":"Le Sac Shopping"},"content":{"rendered":"<p>Un Grand Sac id\u00e9al pour votre shopping<\/p>\n<p>Unique et fait main, il ne passera pas inaper\u00e7u<\/p>\n<p>Un carr\u00e9 de Jacquard qui vous repr\u00e9sente, une su\u00e9dine pour la douceur et un int\u00e9rieur en coton enduit pour la solidit\u00e9 et le cot\u00e9 pratique, ce sac allie \u00e9l\u00e9gance, originalit\u00e9 et simplicit\u00e9.<\/p>\n<p>La pochette assortie vous permet de prot\u00e9ger votre t\u00e9l\u00e9phone, d&#8217;y glisser vos papiers ou votre n\u00e9cessaire de maquillage pour un week-end improvis\u00e9.<\/p>\n<p>&nbsp;<\/p>\n<p>&nbsp;<\/p>\n","protected":false},"excerpt":{"rendered":"<p>Un Grand Sac id\u00e9al pour votre shopping.<\/p>\n<p>Unique et fait main, il ne passera pas inaper\u00e7u<\/p>\n<p>&nbsp;<\/p>\n","protected":false},"featured_media":554,"comment_status":"open","ping_status":"closed","template":"","meta":[],"product_cat":[76,81],"product_tag":[77,75,74,71,72,73,78],"class_list":{"0":"post-550","1":"product","2":"type-product","3":"status-publish","4":"has-post-thumbnail","6":"product_cat-sac-shopping","7":"product_cat-sacs","8":"product_tag-cabas","9":"product_tag-couture","10":"product_tag-fait-main","11":"product_tag-sac","12":"product_tag-sac-cabas","13":"product_tag-shopping","14":"product_tag-unique","16":"first","17":"instock","18":"sold-individually","19":"shipping-taxable","20":"purchasable","21":"product-type-variable"},"_links":{"self":[{"href":"https:\/\/test.satinpoursoie.fr\/index.php\/wp-json\/wp\/v2\/product\/550","targetHints":{"allow":["GET"]}}],"collection":[{"href":"https:\/\/test.satinpoursoie.fr\/index.php\/wp-json\/wp\/v2\/product"}],"about":[{"href":"https:\/\/test.satinpoursoie.fr\/index.php\/wp-json\/wp\/v2\/types\/product"}],"replies":[{"embeddable":true,"href":"https:\/\/test.satinpoursoie.fr\/index.php\/wp-json\/wp\/v2\/comments?post=550"}],"wp:featuredmedia":[{"embeddable":true,"href":"https:\/\/test.satinpoursoie.fr\/index.php\/wp-json\/wp\/v2\/media\/554"}],"wp:attachment":[{"href":"https:\/\/test.satinpoursoie.fr\/index.php\/wp-json\/wp\/v2\/media?parent=550"}],"wp:term":[{"taxonomy":"product_cat","embeddable":true,"href":"https:\/\/test.satinpoursoie.fr\/index.php\/wp-json\/wp\/v2\/product_cat?post=550"},{"taxonomy":"product_tag","embeddable":true,"href":"https:\/\/test.satinpoursoie.fr\/index.php\/wp-json\/wp\/v2\/product_tag?post=550"}],"curies":[{"name":"wp","href":"https:\/\/api.w.org\/{rel}","templated":true}]}}