{"id":711,"date":"2024-10-18T14:17:34","date_gmt":"2024-10-18T12:17:34","guid":{"rendered":"https:\/\/test.satinpoursoie.fr\/?page_id=711"},"modified":"2024-10-18T14:17:36","modified_gmt":"2024-10-18T12:17:36","slug":"retouches","status":"publish","type":"page","link":"https:\/\/test.satinpoursoie.fr\/index.php\/retouches\/","title":{"rendered":"Retouches"},"content":{"rendered":"<p>Satin pour Soie, c&#8217;est aussi la retouche de vos v\u00eatements.<\/p><p>Ourlets, Mise \u00e0 taille, Changement de Fermeture, Reprises&#8230;<\/p><p>N&#8217;h\u00e9sitez pas \u00e0 pousser la porte <\/p>","protected":false},"excerpt":{"rendered":"<p>Satin pour Soie, c&#8217;est aussi la retouche de vos v\u00eatements. Ourlets, Mise \u00e0 taille, Changement de Fermeture, Reprises&#8230; N&#8217;h\u00e9sitez pas \u00e0 pousser la porte<\/p>\n","protected":false},"author":1,"featured_media":0,"parent":0,"menu_order":0,"comment_status":"closed","ping_status":"closed","template":"","meta":{"footnotes":""},"class_list":["post-711","page","type-page","status-publish","hentry"],"_links":{"self":[{"href":"https:\/\/test.satinpoursoie.fr\/index.php\/wp-json\/wp\/v2\/pages\/711","targetHints":{"allow":["GET"]}}],"collection":[{"href":"https:\/\/test.satinpoursoie.fr\/index.php\/wp-json\/wp\/v2\/pages"}],"about":[{"href":"https:\/\/test.satinpoursoie.fr\/index.php\/wp-json\/wp\/v2\/types\/page"}],"author":[{"embeddable":true,"href":"https:\/\/test.satinpoursoie.fr\/index.php\/wp-json\/wp\/v2\/users\/1"}],"replies":[{"embeddable":true,"href":"https:\/\/test.satinpoursoie.fr\/index.php\/wp-json\/wp\/v2\/comments?post=711"}],"version-history":[{"count":1,"href":"https:\/\/test.satinpoursoie.fr\/index.php\/wp-json\/wp\/v2\/pages\/711\/revisions"}],"predecessor-version":[{"id":712,"href":"https:\/\/test.satinpoursoie.fr\/index.php\/wp-json\/wp\/v2\/pages\/711\/revisions\/712"}],"wp:attachment":[{"href":"https:\/\/test.satinpoursoie.fr\/index.php\/wp-json\/wp\/v2\/media?parent=711"}],"curies":[{"name":"wp","href":"https:\/\/api.w.org\/{rel}","templated":true}]}}