{"id":69,"date":"2023-04-18T14:55:13","date_gmt":"2023-04-18T12:55:13","guid":{"rendered":"http:\/\/www.satinpoursoie.fr\/?page_id=69"},"modified":"2023-04-18T14:55:13","modified_gmt":"2023-04-18T12:55:13","slug":"ateliers-de-couture","status":"publish","type":"page","link":"https:\/\/test.satinpoursoie.fr\/index.php\/cours-ateliers-couture\/ateliers-de-couture\/","title":{"rendered":"Ateliers de Couture Th\u00e9matiques"},"content":{"rendered":"<p>Venez d\u00e9couvrir ou red\u00e9couvrir la couture en participant \u00e0 des <strong>Ateliers de Couture \u00e0 Th\u00e8me<\/strong>.<\/p><figure class=\"wp-block-gallery has-nested-images columns-4 is-cropped wp-block-gallery-2 is-layout-flex wp-block-gallery-is-layout-flex\"><figure class=\"wp-block-image size-large wp-duotone-unset-1\"><img decoding=\"async\" data-id=\"172\" src=\"https:\/\/www.satinpoursoie.fr\/wp-content\/uploads\/2023\/04\/IMG_2059-1024x893.jpg\" alt=\"pochette double\" class=\"wp-image-172\"\/><\/figure>\n\n<figure class=\"wp-block-image size-large\"><img decoding=\"async\" data-id=\"173\" src=\"https:\/\/www.satinpoursoie.fr\/wp-content\/uploads\/2023\/04\/36955970_295793504326866_7875011219424280576_o-1024x576.jpg\" alt=\"sac boule\" class=\"wp-image-173\"\/><\/figure>\n\n<figure class=\"wp-block-image size-large\"><img decoding=\"async\" data-id=\"351\" src=\"https:\/\/www.satinpoursoie.fr\/wp-content\/uploads\/2023\/10\/BS_1-1024x897.jpg\" alt=\"bouillotte s\u00e8che\" class=\"wp-image-351\"\/><\/figure>\n\n<figure class=\"wp-block-image size-large\"><img decoding=\"async\" data-id=\"352\" src=\"https:\/\/www.satinpoursoie.fr\/wp-content\/uploads\/2023\/10\/20230531_080624-1024x768.jpg\" alt=\" pochette de sac\" class=\"wp-image-352\"\/><\/figure><\/figure><h2 class=\"wp-block-heading\">Ateliers de Couture en Boutique<\/h2><p style=\"font-size:22px\">Je privatise mon Atelier-Boutique pour vous proposer des Ateliers th\u00e9matiques <strong>&#8216;Cl\u00e9 en Main&#8217;<\/strong> vous permettant de d\u00e9couvrir la couture \u00e0 travers la <strong>r\u00e9alisation d&#8217;un projet concret.<\/strong><\/p><p style=\"font-size:22px\">Dans un espace <strong>chaleureux et convivial<\/strong>, je mets \u00e0 votre disposition l&#8217;ensemble du mat\u00e9riel dont vous pouvez avoir besoin (machine \u00e0 coudre, mat\u00e9riel de base).  Mais vous pouvez aussi venir avec votre mat\u00e9riel pour vous sentir plus \u00e0 l&#8217;aise.<\/p><p style=\"font-size:22px\">Pour mieux vous accompagner, je re\u00e7ois <strong>4 personnes maximum<\/strong> dans chaque atelier, pour pouvoir prendre le temps de r\u00e9pondre \u00e0 vos questions.<\/p><figure class=\"wp-block-gallery has-nested-images columns-default is-cropped wp-block-gallery-3 is-layout-flex wp-block-gallery-is-layout-flex\"><figure class=\"wp-block-image size-large\"><img decoding=\"async\" data-id=\"325\" src=\"https:\/\/www.satinpoursoie.fr\/wp-content\/uploads\/2023\/10\/20231003_094126-1024x768.jpg\" alt=\"Des cours de couture sur mesure\" class=\"wp-image-325\"\/><figcaption class=\"wp-element-caption\">Des cours de couture sur mesure<\/figcaption><\/figure>\n\n<figure class=\"wp-block-image size-large\"><img decoding=\"async\" data-id=\"335\" src=\"https:\/\/www.satinpoursoie.fr\/wp-content\/uploads\/2023\/10\/20231003_094056-1024x768.jpg\" alt=\"Poste de Couture Atelier public\" class=\"wp-image-335\"\/><figcaption class=\"wp-element-caption\">Poste de Couture Atelier public<\/figcaption><\/figure>\n\n<figure class=\"wp-block-image size-large\"><img decoding=\"async\" data-id=\"353\" src=\"https:\/\/www.satinpoursoie.fr\/wp-content\/uploads\/2023\/10\/20231003_094017-1024x768.jpg\" alt=\"Kits pour les ateliers couture\" class=\"wp-image-353\"\/><figcaption class=\"wp-element-caption\">Des kits sp\u00e9cialement \u00e9tudi\u00e9s pour les ateliers couture<\/figcaption><\/figure><\/figure><h2 class=\"wp-block-heading\">Ateliers de Couture \u00e0 Domicile<\/h2><p style=\"font-size:22px\">Alors, vous souhaitez organiser un <strong>atelier \u00e0 domicile<\/strong>. Rien de plus simple!<\/p><ul class=\"wp-block-list\"><li style=\"font-size:22px\">Nous d\u00e9finissons <strong>ensemble <\/strong>votre demande : Th\u00e8me, Date<\/li>\n\n<li style=\"font-size:22px\">Ensuite, vous r\u00e9unissez un <strong>groupe de 4 personnes<\/strong><\/li>\n\n<li style=\"font-size:22px\">Je me d\u00e9place maintenant \u00e0 votre domicile avec <strong>l&#8217;ensemble du mat\u00e9riel<\/strong> n\u00e9cessaire pour la r\u00e9alisation de l&#8217;atelier.<\/li>\n\n<li style=\"font-size:22px\">Dans un rayon de 30 km autour de Vichy<\/li><\/ul><div class=\"wp-block-columns is-layout-flex wp-container-core-columns-is-layout-9d6595d7 wp-block-columns-is-layout-flex\"><div class=\"wp-block-column has-background is-layout-flow wp-block-column-is-layout-flow\" style=\"background-color:#b2727f\"><div style=\"height:20px\" aria-hidden=\"true\" class=\"wp-block-spacer\"><\/div>\n\n<h2 class=\"wp-block-heading has-text-align-center\">Atelier de Couture Accessoires<\/h2>\n\n<p class=\"has-text-align-center has-black-color has-text-color\">Dur\u00e9e : 2 h<\/p>\n\n<hr class=\"wp-block-separator has-text-color has-black-color has-alpha-channel-opacity has-black-background-color has-background is-style-wide\"\/>\n\n<h3 class=\"wp-block-heading has-text-align-center\">Adultes et Enfants<\/h3>\n\n<ul class=\"wp-block-list\"><li>Venez r\u00e9aliser <strong>vous m\u00eame<\/strong> votre pochette, sac, kit de lingettes&#8230;<\/li>\n\n<li>Des ateliers <strong>programm\u00e9s au trimestre<\/strong><\/li>\n\n<li><strong>Choix de tissus<\/strong> en boutique parmi de nombreux Kits disponibles en boutique<\/li>\n\n<li><strong>Des explications et des patrons<\/strong> construits pour vous permettre de coudre de nouveaux accessoires chez vous<\/li><\/ul>\n\n<h3 class=\"wp-block-heading has-text-align-center\">Dur\u00e9e<\/h3>\n\n<p class=\"has-text-align-center\">2 heures<\/p>\n\n<h3 class=\"wp-block-heading has-text-align-center\">Tarif<\/h3>\n\n<p class=\"has-text-align-center\">En Boutique : 45 \u20ac\/Personne<\/p>\n\n<p class=\"has-text-align-center\">A domicile : 200 \u20ac pour 4 personnes<\/p>\n\n<div class=\"wp-block-buttons is-content-justification-center is-layout-flex wp-container-core-buttons-is-layout-e1485a7b wp-block-buttons-is-layout-flex\"><div class=\"wp-block-button\"><a class=\"wp-block-button__link has-white-color has-text-color has-text-align-center wp-element-button\" href=\"https:\/\/www.satinpoursoie.fr\/index.php\/cours-ateliers\/ateliers-thematique\/planning-des-ateliers-accessoires\/\">Planning en boutique<\/a><\/div><\/div>\n\n<p><\/p>\n\n<div class=\"wp-block-buttons is-content-justification-center is-layout-flex wp-container-core-buttons-is-layout-16018d1d wp-block-buttons-is-layout-flex\"><div class=\"wp-block-button\"><a class=\"wp-block-button__link wp-element-button\" href=\"https:\/\/www.satinpoursoie.fr\/index.php\/contacts\/\">R\u00e9server \u00e0 domicile<\/a><\/div><\/div>\n\n<div style=\"height:20px\" aria-hidden=\"true\" class=\"wp-block-spacer\"><\/div><\/div>\n\n<div class=\"wp-block-column has-background is-layout-flow wp-block-column-is-layout-flow\" style=\"background-color:#d4aaaa\"><div style=\"height:20px\" aria-hidden=\"true\" class=\"wp-block-spacer\"><\/div>\n\n<h2 class=\"wp-block-heading has-text-align-center\">Atelier de Couture V\u00eatements<\/h2>\n\n<p class=\"has-text-align-center has-black-color has-text-color\">Dur\u00e9e : 3 h<\/p>\n\n<hr class=\"wp-block-separator has-text-color has-black-color has-alpha-channel-opacity has-black-background-color has-background is-style-wide\"\/>\n\n<h3 class=\"wp-block-heading has-text-align-center\">Adultes et Enfants<\/h3>\n\n<ul class=\"wp-block-list\"><li>Venez r\u00e9aliser <strong>vous m\u00eame<\/strong> un v\u00eatement adapt\u00e9 \u00e0 vos mesure<\/li>\n\n<li>Des ateliers <strong>programm\u00e9s au trimestre<\/strong><\/li>\n\n<li><strong>Prise de vos mesures<\/strong> et <strong>Choix de vos tissus<\/strong> en boutique lors de votre r\u00e9servation<\/li>\n\n<li><strong>Des explications et des patrons <\/strong>construits pour vous permettre de coudre le mod\u00e8le chez vous dans un autre tissu<\/li><\/ul>\n\n<h3 class=\"wp-block-heading has-text-align-center\">Dur\u00e9e<\/h3>\n\n<p class=\"has-text-align-center\">3 heures<\/p>\n\n<h3 class=\"wp-block-heading has-text-align-center\">Tarif<\/h3>\n\n<p class=\"has-text-align-center\">En Boutique : 70 \u20ac\/Personne<\/p>\n\n<p class=\"has-text-align-center\">A domicile : 300 \u20ac pour 4 personnes<\/p>\n\n<div class=\"wp-block-buttons is-content-justification-center is-layout-flex wp-container-core-buttons-is-layout-e1485a7b wp-block-buttons-is-layout-flex\"><div class=\"wp-block-button\"><a class=\"wp-block-button__link has-white-color has-text-color has-text-align-center wp-element-button\" href=\"https:\/\/www.satinpoursoie.fr\/index.php\/cours-ateliers-couture\/ateliers-de-couture\/planning-ateliers-vetements\/\">Planning en boutique<\/a><\/div><\/div>\n\n<p><\/p>\n\n<div class=\"wp-block-buttons is-content-justification-center is-layout-flex wp-container-core-buttons-is-layout-e1485a7b wp-block-buttons-is-layout-flex\"><div class=\"wp-block-button\"><a class=\"wp-block-button__link has-white-color has-text-color wp-element-button\" href=\"https:\/\/www.satinpoursoie.fr\/index.php\/contacts\/\">R\u00e9server \u00e0 Domicile<\/a><\/div><\/div><\/div><\/div><div class=\"wp-block-buttons is-content-justification-center is-layout-flex wp-container-core-buttons-is-layout-16018d1d wp-block-buttons-is-layout-flex\"><div class=\"wp-block-button has-custom-width wp-block-button__width-50 is-style-outline is-style-outline--4\"><a class=\"wp-block-button__link wp-element-button\" href=\"https:\/\/shop.satinpoursoie.fr\/\">La Boutique<\/a><\/div><\/div>","protected":false},"excerpt":{"rendered":"<p>Venez d\u00e9couvrir ou red\u00e9couvrir la couture en participant \u00e0 des Ateliers de Couture \u00e0 Th\u00e8me. Ateliers de Couture en Boutique Je privatise mon Atelier-Boutique pour vous proposer des Ateliers th\u00e9matiques &#8216;Cl\u00e9 en Main&#8217; vous permettant de d\u00e9couvrir la couture \u00e0 travers la r\u00e9alisation d&#8217;un projet concret. Dans un espace chaleureux et convivial, je mets \u00e0 &hellip; <\/p>\n","protected":false},"author":1,"featured_media":0,"parent":17,"menu_order":1,"comment_status":"closed","ping_status":"closed","template":"","meta":{"footnotes":""},"class_list":["post-69","page","type-page","status-publish","hentry"],"_links":{"self":[{"href":"https:\/\/test.satinpoursoie.fr\/index.php\/wp-json\/wp\/v2\/pages\/69","targetHints":{"allow":["GET"]}}],"collection":[{"href":"https:\/\/test.satinpoursoie.fr\/index.php\/wp-json\/wp\/v2\/pages"}],"about":[{"href":"https:\/\/test.satinpoursoie.fr\/index.php\/wp-json\/wp\/v2\/types\/page"}],"author":[{"embeddable":true,"href":"https:\/\/test.satinpoursoie.fr\/index.php\/wp-json\/wp\/v2\/users\/1"}],"replies":[{"embeddable":true,"href":"https:\/\/test.satinpoursoie.fr\/index.php\/wp-json\/wp\/v2\/comments?post=69"}],"version-history":[{"count":0,"href":"https:\/\/test.satinpoursoie.fr\/index.php\/wp-json\/wp\/v2\/pages\/69\/revisions"}],"up":[{"embeddable":true,"href":"https:\/\/test.satinpoursoie.fr\/index.php\/wp-json\/wp\/v2\/pages\/17"}],"wp:attachment":[{"href":"https:\/\/test.satinpoursoie.fr\/index.php\/wp-json\/wp\/v2\/media?parent=69"}],"curies":[{"name":"wp","href":"https:\/\/api.w.org\/{rel}","templated":true}]}}