{"id":38,"date":"2023-04-18T12:50:53","date_gmt":"2023-04-18T10:50:53","guid":{"rendered":"http:\/\/www.satinpoursoie.fr\/?page_id=38"},"modified":"2023-04-18T12:50:53","modified_gmt":"2023-04-18T10:50:53","slug":"qui-suis-je","status":"publish","type":"page","link":"https:\/\/test.satinpoursoie.fr\/index.php\/sain-pour-soie\/qui-suis-je\/","title":{"rendered":"La Cr\u00e9atrice"},"content":{"rendered":"<p>Passionn\u00e9e de couture depuis mon enfance, c\u2019est \u00e0 17 ans que je couds mon premier mod\u00e8le pour la premi\u00e8re fois. <\/p><p>La vieille machine <a href=\"http:\/\/needlebar.org\/main\/elna\/index1.html\">Elna <\/a>de ma m\u00e8re tra\u00eenait dans un placard, quelques coupons de tissus et son mat\u00e9riel de couture m\u2019y attendait. J\u2019ai achet\u00e9 un magazine <a href=\"https:\/\/www.burdastyle.fr\/\">BURDA<\/a>, et me voil\u00e0 partie\u2026<\/p><p>Depuis, les aiguilles et fils en tout genre n\u2019ont jamais quitt\u00e9 mes mains.<\/p><p>En 2021, je d\u00e9cide de me lancer. Apr\u00e8s une ann\u00e9e de formation pour obtenir mon dipl\u00f4me de couture, je recherche un local \u00e0 Vichy que nous am\u00e9nageons pour y cr\u00e9er \u2018SATIN POUR SOIE\u2019.<\/p><p>SATIN pour SOIE, c\u2019est mon univers cr\u00e9atif.<\/p><p>Une id\u00e9e en t\u00eate, un croquis vite lanc\u00e9 sur une feuille volante, quelques bases de g\u00e9om\u00e9trie et du papier pour y tracer le patron, des heures de recherche pour trouver le tissu id\u00e9al, une \u00e9bauche, des ajustages, des modifications, et voil\u00e0 mon mod\u00e8le qui prend vie sous mes doigts.<\/p><p>Mon inspiration&nbsp;: Tout sauf la mode\u2026 La nature qui s\u2019\u00e9veille, l\u2019histoire qui s\u2019\u00e9crit, un motif qui m\u2019attrape au vol, une couleur qui me touche, une musique qui me parle, un film qui me m\u2019ouvre un nouvel horizon, un livre qui me transporte, chaque cr\u00e9ation est un morceau de moi.<\/p><p>J\u2019attends que le tissu me parle, que les couleurs s\u2019assemble, que l\u2019aiguille le transforme, que le v\u00eatement apparaisse comme si les f\u00e9es de la belle au bois dormant avaient actionn\u00e9es leur baguette.<\/p><p>Coudre, c\u2019est donner vie \u00e0 une envie, c\u2019est rev\u00eatir un r\u00eave, c\u2019est s\u2019habiller avec une id\u00e9e.<\/p><p><\/p><p>\u00ab\u00a0Je ne suis pas un couturier, je suis un artisan, un fabricant de bonheur\u00a0\u00bb &#8211; YVES SAINT LAURENT.<\/p>","protected":false},"excerpt":{"rendered":"<p>Passionn\u00e9e de couture depuis mon enfance, c\u2019est \u00e0 17 ans que je couds mon premier mod\u00e8le pour la premi\u00e8re fois. La vieille machine Elna de ma m\u00e8re tra\u00eenait dans un placard, quelques coupons de tissus et son mat\u00e9riel de couture m\u2019y attendait. J\u2019ai achet\u00e9 un magazine BURDA, et me voil\u00e0 partie\u2026 Depuis, les aiguilles et &hellip; <\/p>\n","protected":false},"author":1,"featured_media":0,"parent":508,"menu_order":0,"comment_status":"closed","ping_status":"closed","template":"","meta":{"footnotes":""},"class_list":["post-38","page","type-page","status-publish","hentry"],"_links":{"self":[{"href":"https:\/\/test.satinpoursoie.fr\/index.php\/wp-json\/wp\/v2\/pages\/38","targetHints":{"allow":["GET"]}}],"collection":[{"href":"https:\/\/test.satinpoursoie.fr\/index.php\/wp-json\/wp\/v2\/pages"}],"about":[{"href":"https:\/\/test.satinpoursoie.fr\/index.php\/wp-json\/wp\/v2\/types\/page"}],"author":[{"embeddable":true,"href":"https:\/\/test.satinpoursoie.fr\/index.php\/wp-json\/wp\/v2\/users\/1"}],"replies":[{"embeddable":true,"href":"https:\/\/test.satinpoursoie.fr\/index.php\/wp-json\/wp\/v2\/comments?post=38"}],"version-history":[{"count":0,"href":"https:\/\/test.satinpoursoie.fr\/index.php\/wp-json\/wp\/v2\/pages\/38\/revisions"}],"up":[{"embeddable":true,"href":"https:\/\/test.satinpoursoie.fr\/index.php\/wp-json\/wp\/v2\/pages\/508"}],"wp:attachment":[{"href":"https:\/\/test.satinpoursoie.fr\/index.php\/wp-json\/wp\/v2\/media?parent=38"}],"curies":[{"name":"wp","href":"https:\/\/api.w.org\/{rel}","templated":true}]}}