{"id":17,"date":"2023-04-18T12:50:53","date_gmt":"2023-04-18T10:50:53","guid":{"rendered":"http:\/\/www.satinpoursoie.fr\/?page_id=17"},"modified":"2023-04-18T12:50:53","modified_gmt":"2023-04-18T10:50:53","slug":"cours-ateliers-couture","status":"publish","type":"page","link":"https:\/\/test.satinpoursoie.fr\/index.php\/cours-ateliers-couture\/","title":{"rendered":"Cours &#038; Ateliers de Couture"},"content":{"rendered":"<p><strong>Satin pour soie<\/strong> vous propose un <strong>accompagnement personnalis\u00e9<\/strong> \u00e0 travers des <strong>Cours et des Ateliers<\/strong> de couture, pour <strong>Adultes <\/strong>et pour <strong>Enfants<\/strong>.<\/p><p><strong><a href=\"https:\/\/www.satinpoursoie.fr\/index.php\/cours-ateliers-couture\/ateliers-de-couture\/\">Les ateliers de couture<\/a><\/strong> sont th\u00e9matiques et programm\u00e9s au trimestre. Vous pourrez y r\u00e9aliser un <a href=\"https:\/\/www.satinpoursoie.fr\/index.php\/cours-ateliers-couture\/ateliers-de-couture\/planning-des-ateliers-accessoires\/\">accessoire <\/a>(bouillotte, s\u00e8che, sac, pochette, lingettes&#8230;) ou un <a href=\"https:\/\/www.satinpoursoie.fr\/index.php\/cours-ateliers-couture\/ateliers-de-couture\/planning-des-ateliers-vetements\/\">v\u00eatement <\/a>\u00e0 votre taille. J&#8217;organise des sessions de<strong> 4 personnes maximum<\/strong> afin de pouvoir r\u00e9ellement r\u00e9pondre \u00e0 vos attentes et \u00e0 vos questions.<\/p><p><strong><a href=\"https:\/\/www.satinpoursoie.fr\/index.php\/cours-ateliers-couture\/cours-individuels-de-couture\/\">Les cours de couture<\/a><\/strong> <strong>individuels <\/strong>sont adapt\u00e9s \u00e0 vos besoins. Vous souhaitez apprendre ou approfondir une ou plusieurs techniques en particulier. Nous <strong>adaptons votre programme en fonction de vos besoins<\/strong>. Votre accompagnement peut vous \u00eatre propos\u00e9 sous forme de cours ou de coaching.<\/p><p>Tous les cours et ateliers de couture sont <strong>r\u00e9alisables \u00e0 votre domicile<\/strong> dans un rayon de 30 km autour de <a href=\"https:\/\/vichymonamour.fr\/\">Vichy<\/a>. <\/p><div class=\"wp-block-columns is-layout-flex wp-container-core-columns-is-layout-9d6595d7 wp-block-columns-is-layout-flex\"><div class=\"wp-block-column is-layout-flow wp-block-column-is-layout-flow\" style=\"flex-basis:50%\"><p>La prestation propos\u00e9e est <strong>&#8216;Cl\u00e9 en Main&#8217;<\/strong> :<\/p>\n\n<ul class=\"wp-block-list\"><li>Machine \u00e0 coudre <a href=\"https:\/\/www.singerfrance.com\/\">singer sister<\/a><\/li>\n\n<li>Petit mat\u00e9riel de couture (ciseaux, \u00e9pingles, aiguilles, m\u00e8tre, fil)<\/li>\n\n<li>Papeterie (Crayons, Papier, R\u00e8gle, Stylo)<\/li>\n\n<li>Patron papier et gamme de Montage<\/li>\n\n<li>Tissus<\/li><\/ul><\/div>\n\n<div class=\"wp-block-column is-layout-flow wp-block-column-is-layout-flow\" style=\"flex-basis:50%\"><div class=\"wp-block-image\"><figure class=\"alignright size-medium\"><img decoding=\"async\" src=\"https:\/\/www.satinpoursoie.fr\/wp-content\/uploads\/2023\/10\/20231003_094126-300x225.jpg\" alt=\"Cours &amp; ateliers de couture sur mesure\" class=\"wp-image-325\"\/><figcaption class=\"wp-element-caption\">Des cours et des ateliers de couture sur mesure<\/figcaption><\/figure><\/div><\/div><\/div><div class=\"wp-block-columns is-layout-flex wp-container-core-columns-is-layout-9d6595d7 wp-block-columns-is-layout-flex\"><div class=\"wp-block-column has-background is-layout-flow wp-block-column-is-layout-flow\" style=\"background-color:#d4aaaa\"><div style=\"height:20px\" aria-hidden=\"true\" class=\"wp-block-spacer\"><\/div>\n\n<h2 class=\"wp-block-heading has-text-align-center\">Ateliers Th\u00e9matiques<\/h2>\n\n<hr class=\"wp-block-separator has-text-color has-black-color has-alpha-channel-opacity has-black-background-color has-background\"\/>\n\n<ul class=\"wp-block-list\"><li>Ateliers de 4 personnes maximum<\/li>\n\n<li>2 ou 3 heures<\/li><\/ul>\n\n<div class=\"wp-block-buttons is-content-justification-center is-layout-flex wp-container-core-buttons-is-layout-16018d1d wp-block-buttons-is-layout-flex\"><div class=\"wp-block-button\"><a class=\"wp-block-button__link wp-element-button\" href=\"https:\/\/www.satinpoursoie.fr\/index.php\/cours-ateliers-couture\/ateliers-de-couture\/\">En Savoir Plus&#8230;<\/a><\/div><\/div>\n\n<p><\/p><\/div>\n\n<div class=\"wp-block-column has-background is-layout-flow wp-block-column-is-layout-flow\" style=\"background-color:#bababa\"><div style=\"height:20px\" aria-hidden=\"true\" class=\"wp-block-spacer\"><\/div>\n\n<h2 class=\"wp-block-heading has-text-align-center\">Cours de Couture Individuels<\/h2>\n\n<hr class=\"wp-block-separator has-text-color has-black-color has-alpha-channel-opacity has-black-background-color has-background\"\/>\n\n<ul class=\"wp-block-list\"><li>Cours techniques ou coaching<\/li>\n\n<li>Dur\u00e9e adapt\u00e9e \u00e0 vos attentes<\/li><\/ul>\n\n<div class=\"wp-block-buttons is-content-justification-center is-layout-flex wp-container-core-buttons-is-layout-16018d1d wp-block-buttons-is-layout-flex\"><div class=\"wp-block-button\"><a class=\"wp-block-button__link has-black-color has-text-color has-background wp-element-button\" href=\"http:\/\/www.satinpoursoie.fr\/index.php\/cours-ateliers\/cours-individuels\/\" style=\"background-color:#b2727f\">En Savoir Plus&#8230;<\/a><\/div><\/div>\n\n<p><\/p><\/div><\/div><div class=\"wp-block-buttons is-content-justification-center is-layout-flex wp-container-core-buttons-is-layout-16018d1d wp-block-buttons-is-layout-flex\"><div class=\"wp-block-button has-custom-width wp-block-button__width-50 is-style-outline is-style-outline--1\"><a class=\"wp-block-button__link wp-element-button\" href=\"http:\/\/www.satinpoursoie.fr\/index.php\/contacts\/\">Contactez-moi<\/a><\/div><\/div>","protected":false},"excerpt":{"rendered":"<p>Satin pour soie vous propose un accompagnement personnalis\u00e9 \u00e0 travers des Cours et des Ateliers de couture, pour Adultes et pour Enfants. Les ateliers de couture sont th\u00e9matiques et programm\u00e9s au trimestre. Vous pourrez y r\u00e9aliser un accessoire (bouillotte, s\u00e8che, sac, pochette, lingettes&#8230;) ou un v\u00eatement \u00e0 votre taille. J&#8217;organise des sessions de 4 personnes &hellip; <\/p>\n","protected":false},"author":1,"featured_media":0,"parent":0,"menu_order":0,"comment_status":"closed","ping_status":"closed","template":"","meta":{"footnotes":""},"class_list":["post-17","page","type-page","status-publish","hentry"],"_links":{"self":[{"href":"https:\/\/test.satinpoursoie.fr\/index.php\/wp-json\/wp\/v2\/pages\/17","targetHints":{"allow":["GET"]}}],"collection":[{"href":"https:\/\/test.satinpoursoie.fr\/index.php\/wp-json\/wp\/v2\/pages"}],"about":[{"href":"https:\/\/test.satinpoursoie.fr\/index.php\/wp-json\/wp\/v2\/types\/page"}],"author":[{"embeddable":true,"href":"https:\/\/test.satinpoursoie.fr\/index.php\/wp-json\/wp\/v2\/users\/1"}],"replies":[{"embeddable":true,"href":"https:\/\/test.satinpoursoie.fr\/index.php\/wp-json\/wp\/v2\/comments?post=17"}],"version-history":[{"count":1,"href":"https:\/\/test.satinpoursoie.fr\/index.php\/wp-json\/wp\/v2\/pages\/17\/revisions"}],"predecessor-version":[{"id":535,"href":"https:\/\/test.satinpoursoie.fr\/index.php\/wp-json\/wp\/v2\/pages\/17\/revisions\/535"}],"wp:attachment":[{"href":"https:\/\/test.satinpoursoie.fr\/index.php\/wp-json\/wp\/v2\/media?parent=17"}],"curies":[{"name":"wp","href":"https:\/\/api.w.org\/{rel}","templated":true}]}}