{"id":141,"date":"2023-04-18T12:50:53","date_gmt":"2023-04-18T10:50:53","guid":{"rendered":"http:\/\/www.satinpoursoie.fr\/?page_id=15"},"modified":"2023-04-18T12:50:53","modified_gmt":"2023-04-18T10:50:53","slug":"creations-satin-pour-soie","status":"publish","type":"page","link":"https:\/\/test.satinpoursoie.fr\/index.php\/creations-satin-pour-soie\/","title":{"rendered":"Cr\u00e9ations SATIN POUR SOIE"},"content":{"rendered":"<div class=\"wp-block-buttons is-content-justification-right is-layout-flex wp-container-core-buttons-is-layout-765c4724 wp-block-buttons-is-layout-flex\"><div class=\"wp-block-button has-custom-width wp-block-button__width-100\"><a class=\"wp-block-button__link has-text-color has-background wp-element-button\" href=\"http:\/\/shop.satinpoursoie.fr\" style=\"color:#1c1c1c;background-color:#b2727f\" target=\"_blank\" rel=\"noreferrer noopener\">LA BOUTIQUE<\/a><\/div><\/div><hr class=\"wp-block-separator has-text-color has-white-color has-alpha-channel-opacity has-white-background-color has-background\"\/><p>Satin pour Soie vous propose des cr\u00e9ations originales <strong>uniques<\/strong>, <strong>adaptables sur mesure<\/strong>, <strong>r\u00e9alisables sur commande<\/strong> dans <a href=\"https:\/\/www.satinpoursoie.fr\/index.php\/qui-suis-je\/atelier-de-couture\/\">mon atelier.<\/a><\/p><p><\/p><div class=\"wp-block-media-text alignwide has-media-on-the-right is-stacked-on-mobile is-vertically-aligned-center has-background\" style=\"background-color:#eeeeee\"><div class=\"wp-block-media-text__content\"><div class=\"wp-block-group\" style=\"padding-top:2em;padding-right:2em;padding-bottom:2em;padding-left:2em\"><div class=\"wp-block-group__inner-container is-layout-flow wp-block-group-is-layout-flow\"><h2 class=\"wp-block-heading\" style=\"font-size:36px\">Des V\u00eatements SATIN POUR SOIE Uniques<\/h2>\n\n<p>Satin pour Soie vous propose une gamme de <strong>v\u00eatements unique<\/strong>s, <strong>r\u00e9alisables sur commande<\/strong> et \u00e0 <strong>vos mesures<\/strong> dans l&#8217;atelier de couture de Vichy<\/p>\n\n<p>Je cr\u00e9\u00e9 pour vous <strong>des mod\u00e8les enti\u00e8rement personnalisable<\/strong>s. <\/p>\n\n<p>Nous choisissons ensemble les <strong>mati\u00e8res<\/strong>, les <strong>couleurs <\/strong>et les <strong>motifs <\/strong>\u00e0 associer. <\/p>\n\n<p>Je prends vos <strong>mesures <\/strong>pour ajuster au mieux votre v\u00eatement. <\/p>\n\n<p>Je lance la fabrication pour faire de <strong>ma cr\u00e9ation votre v\u00eatement unique. <\/strong><\/p>\n\n<p>Au fil de mes <strong>inspirations<\/strong>, je vous propose des <strong>v\u00eatements <\/strong>con\u00e7us et cousu \u00e0 l&#8217;atelier de <a href=\"https:\/\/vichymonamour.fr\/\">Vichy<\/a> : Robe, chemisier, top, blouse, jupe, pantalon, veste, manteaux.<\/p><\/div><\/div><\/div><figure class=\"wp-block-media-text__media\"><img decoding=\"async\" src=\"https:\/\/www.satinpoursoie.fr\/wp-content\/uploads\/2023\/10\/Modele-SAKURA-1024x1024.png\" alt=\"Cr\u00e9ations d'une Veste kimono r\u00e9versible et son sac assorti\" class=\"wp-image-446 size-full\"\/><\/figure><\/div><div class=\"wp-block-media-text alignwide is-stacked-on-mobile is-vertically-aligned-center has-background\" style=\"background-color:#d4aaaa\"><figure class=\"wp-block-media-text__media\"><img decoding=\"async\" src=\"https:\/\/www.satinpoursoie.fr\/wp-content\/uploads\/2023\/10\/20231012_163507-1024x1024.jpg\" alt=\"Cr\u00e9ations de Sac shopping personnalisable\" class=\"wp-image-451 size-full\"\/><\/figure><div class=\"wp-block-media-text__content\"><div class=\"wp-block-group\" style=\"padding-top:2em;padding-right:2em;padding-bottom:2em;padding-left:2em\"><div class=\"wp-block-group__inner-container is-layout-flow wp-block-group-is-layout-flow\"><h2 class=\"wp-block-heading\" style=\"font-size:36px\">Des <strong>Accessoires Originaux<\/strong><\/h2>\n\n<p>Vous avez envie d&#8217;un sac <strong>original et unique.<\/strong><\/p>\n\n<p>Je le cr\u00e9\u00e9 pour vous en associant les <strong>mati\u00e8res<\/strong>, les <strong>textures<\/strong>, les <strong>motifs <\/strong>et les <strong>couleurs <\/strong>selon vos go\u00fbts et vos envies.<\/p>\n\n<p>Vous avez envie <strong>d&#8217;offrir ou de vous offrir<\/strong> un cadeau personnalis\u00e9. Vous trouverez des Sacs, Set de Lingettes, Trousses, Pochettes, Bouillottes s\u00e8ches enti\u00e8rement r\u00e9alis\u00e9 dans l&#8217;atelier de couture de <a href=\"https:\/\/vichymonamour.fr\/\">Vichy<\/a>.<\/p><\/div><\/div><\/div><\/div><hr class=\"wp-block-separator has-text-color has-white-color has-alpha-channel-opacity has-white-background-color has-background\"\/><p class=\"has-text-align-center has-large-font-size\">Visitez <a href=\"https:\/\/shop.satinpoursoie.fr\/\">ma boutique en ligne<\/a> pour d\u00e9couvrir les nouvelles cr\u00e9ations &#8216;Satin Pour Soie&#8217;! <\/p>","protected":false},"excerpt":{"rendered":"<p>Satin pour Soie vous propose des cr\u00e9ations originales uniques, adaptables sur mesure, r\u00e9alisables sur commande dans mon atelier. Visitez ma boutique en ligne pour d\u00e9couvrir les nouvelles cr\u00e9ations &#8216;Satin Pour Soie&#8217;!<\/p>\n","protected":false},"author":1,"featured_media":164,"parent":0,"menu_order":0,"comment_status":"closed","ping_status":"closed","template":"","meta":{"footnotes":""},"class_list":["post-141","page","type-page","status-publish","has-post-thumbnail","hentry"],"_links":{"self":[{"href":"https:\/\/test.satinpoursoie.fr\/index.php\/wp-json\/wp\/v2\/pages\/141","targetHints":{"allow":["GET"]}}],"collection":[{"href":"https:\/\/test.satinpoursoie.fr\/index.php\/wp-json\/wp\/v2\/pages"}],"about":[{"href":"https:\/\/test.satinpoursoie.fr\/index.php\/wp-json\/wp\/v2\/types\/page"}],"author":[{"embeddable":true,"href":"https:\/\/test.satinpoursoie.fr\/index.php\/wp-json\/wp\/v2\/users\/1"}],"replies":[{"embeddable":true,"href":"https:\/\/test.satinpoursoie.fr\/index.php\/wp-json\/wp\/v2\/comments?post=141"}],"version-history":[{"count":0,"href":"https:\/\/test.satinpoursoie.fr\/index.php\/wp-json\/wp\/v2\/pages\/141\/revisions"}],"wp:featuredmedia":[{"embeddable":true,"href":"https:\/\/test.satinpoursoie.fr\/index.php\/wp-json\/"}],"wp:attachment":[{"href":"https:\/\/test.satinpoursoie.fr\/index.php\/wp-json\/wp\/v2\/media?parent=141"}],"curies":[{"name":"wp","href":"https:\/\/api.w.org\/{rel}","templated":true}]}}