{"id":14,"date":"2023-04-18T12:50:53","date_gmt":"2023-04-18T10:50:53","guid":{"rendered":"http:\/\/www.satinpoursoie.fr\/?page_id=14"},"modified":"2023-04-18T12:50:53","modified_gmt":"2023-04-18T10:50:53","slug":"couture-sur-mesure","status":"publish","type":"page","link":"https:\/\/test.satinpoursoie.fr\/index.php\/couture-sur-mesure\/","title":{"rendered":"Couture Sur Mesure"},"content":{"rendered":"<p><strong>Osez <\/strong>la couture Sur-Mesure, <\/p><ul class=\"wp-block-list\"><li>C&#8217;est s&#8217;offrir un v\u00eatement <strong>unique<\/strong>, <strong>personnalis\u00e9 <\/strong>et <strong>r\u00e9alis\u00e9 <\/strong>juste pour vous.<\/li>\n\n<li>C&#8217;est participer \u00e0 la <strong>cr\u00e9ation de son v\u00eatement<\/strong>.<\/li>\n\n<li>C&#8217;est <strong>mettre un peu de vous<\/strong> dans une cr\u00e9ation de A \u00e0 Z.<\/li><\/ul><p>Chaque v\u00eatement est vraiment une cr\u00e9ation unique et personnelle. <\/p><figure class=\"wp-block-gallery has-nested-images columns-8 is-cropped wp-block-gallery-1 is-layout-flex wp-block-gallery-is-layout-flex\"><figure class=\"wp-block-image size-thumbnail\"><img decoding=\"async\" data-id=\"247\" src=\"http:\/\/www.satinpoursoie.fr\/wp-content\/uploads\/2023\/04\/20210518_141923-150x150.jpg\" alt=\"\" class=\"wp-image-247\"\/><\/figure>\n\n<figure class=\"wp-block-image size-thumbnail\"><img decoding=\"async\" data-id=\"253\" src=\"http:\/\/www.satinpoursoie.fr\/wp-content\/uploads\/2023\/04\/20210518_174451-150x150.jpg\" alt=\"\" class=\"wp-image-253\"\/><\/figure>\n\n<figure class=\"wp-block-image size-thumbnail\"><img decoding=\"async\" data-id=\"248\" src=\"http:\/\/www.satinpoursoie.fr\/wp-content\/uploads\/2023\/04\/20210518_174519-150x150.jpg\" alt=\"\" class=\"wp-image-248\"\/><\/figure>\n\n<figure class=\"wp-block-image size-thumbnail\"><img decoding=\"async\" data-id=\"254\" src=\"http:\/\/www.satinpoursoie.fr\/wp-content\/uploads\/2023\/04\/20210518_174524-150x150.jpg\" alt=\"\" class=\"wp-image-254\"\/><\/figure>\n\n<figure class=\"wp-block-image size-thumbnail\"><img decoding=\"async\" data-id=\"252\" src=\"http:\/\/www.satinpoursoie.fr\/wp-content\/uploads\/2023\/04\/20210518_182407-150x150.jpg\" alt=\"\" class=\"wp-image-252\"\/><\/figure>\n\n<figure class=\"wp-block-image size-thumbnail\"><img decoding=\"async\" data-id=\"249\" src=\"http:\/\/www.satinpoursoie.fr\/wp-content\/uploads\/2023\/04\/20210518_182421-150x150.jpg\" alt=\"\" class=\"wp-image-249\"\/><\/figure>\n\n<figure class=\"wp-block-image size-thumbnail\"><img decoding=\"async\" data-id=\"250\" src=\"http:\/\/www.satinpoursoie.fr\/wp-content\/uploads\/2023\/04\/20210604_162023-150x150.jpg\" alt=\"\" class=\"wp-image-250\"\/><\/figure>\n\n<figure class=\"wp-block-image size-thumbnail\"><img decoding=\"async\" data-id=\"255\" src=\"http:\/\/www.satinpoursoie.fr\/wp-content\/uploads\/2023\/04\/20210604_162030-150x150.jpg\" alt=\"\" class=\"wp-image-255\"\/><\/figure><\/figure><p class=\"has-text-align-center has-text-color has-background\" style=\"color:#555555;background-color:#d4aaaa;font-size:30px\"><strong>Osez la couture sur mesure, c&#8217;est r\u00e9aliser son r\u00eave vestimentaire<\/strong><\/p><div style=\"height:50px\" aria-hidden=\"true\" class=\"wp-block-spacer\"><\/div><h2 class=\"wp-block-heading has-black-color has-text-color\">Les \u00c9tapes de la Couture Sur Mesure<\/h2><div class=\"wp-block-columns are-vertically-aligned-center is-layout-flex wp-container-core-columns-is-layout-9d6595d7 wp-block-columns-is-layout-flex\"><div class=\"wp-block-column is-vertically-aligned-center is-layout-flow wp-block-column-is-layout-flow\" style=\"flex-basis:50%\"><div class=\"wp-block-group\"><div class=\"wp-block-group__inner-container is-layout-constrained wp-block-group-is-layout-constrained\"><figure class=\"wp-block-gallery has-nested-images columns-2 is-cropped wp-block-gallery-2 is-layout-flex wp-block-gallery-is-layout-flex\"><figure class=\"wp-block-image size-large\"><img decoding=\"async\" data-id=\"89\" src=\"http:\/\/www.satinpoursoie.fr\/wp-content\/uploads\/2023\/04\/20230303_161158-768x1024.jpg\" alt=\"Patronage sur mesure\" class=\"wp-image-89\"\/><figcaption class=\"wp-element-caption\">Du Papier et des Crayons<\/figcaption><\/figure>\n\n<figure class=\"wp-block-image size-large\"><img decoding=\"async\" data-id=\"262\" src=\"http:\/\/www.satinpoursoie.fr\/wp-content\/uploads\/2023\/04\/20210409_185959-5-768x1024.jpg\" alt=\"\" class=\"wp-image-262\"\/><figcaption class=\"wp-element-caption\">Cr\u00e9ation du Patron<\/figcaption><\/figure>\n\n<figure class=\"wp-block-image size-large\"><img decoding=\"async\" data-id=\"268\" src=\"http:\/\/www.satinpoursoie.fr\/wp-content\/uploads\/2023\/04\/20210520_181742-768x1024.jpg\" alt=\"\" class=\"wp-image-268\"\/><figcaption class=\"wp-element-caption\">Toile Vue devant<\/figcaption><\/figure>\n\n<figure class=\"wp-block-image size-large\"><img decoding=\"async\" data-id=\"269\" src=\"http:\/\/www.satinpoursoie.fr\/wp-content\/uploads\/2023\/04\/20210520_181749-768x1024.jpg\" alt=\"\" class=\"wp-image-269\"\/><figcaption class=\"wp-element-caption\">Toile Vue Dos<\/figcaption><\/figure><\/figure><\/div><\/div><\/div>\n\n<div class=\"wp-block-column is-vertically-aligned-center is-layout-flow wp-block-column-is-layout-flow\" style=\"flex-basis:50%\"><div class=\"wp-block-group\"><div class=\"wp-block-group__inner-container is-layout-constrained wp-block-group-is-layout-constrained\"><div class=\"wp-block-columns is-layout-flex wp-container-core-columns-is-layout-9d6595d7 wp-block-columns-is-layout-flex\"><div class=\"wp-block-column is-layout-flow wp-block-column-is-layout-flow\" style=\"flex-basis:100%\"><h2 class=\"wp-block-heading\">D\u00e9finition du v\u00eatement<\/h2>\n\n<p>Lors de notre premi\u00e8re rencontre, nous d\u00e9finissons ensemble votre projet : <strong>Forme <\/strong>de votre v\u00eatement, <strong>ampleur<\/strong>, type de <strong>col<\/strong>, de <strong>manche<\/strong>, <strong>doublure <\/strong>ou non&#8230;<\/p>\n\n<p>Nous d\u00e9finissons \u00e9galement les diff\u00e9rents <strong>tissus<\/strong>, <strong>dentelles<\/strong>, <strong>galons<\/strong>, <strong>boutons <\/strong>que vous souhaitez.<br>Vient ensuite la <strong>prise de mesure<\/strong>. Cette \u00e9tape est importante pour \u00e9tablir le patron de base de votre v\u00eatement.<\/p>\n\n<h2 class=\"wp-block-heading\">Couture de la Toile<\/h2>\n\n<p>Je r\u00e9alise en premier lieu le montage d&#8217;une <strong>toile<\/strong> (ou demi-toile selon la pi\u00e8ce \u00e0 r\u00e9aliser). Un toile est la premi\u00e8re r\u00e9alisation de votre v\u00eatement dans un tissu neutre, permettant de faire les <strong>ajustements <\/strong>n\u00e9cessaires au bon <strong>tomb\u00e9 <\/strong>du v\u00eatement. Un essayage est donc organis\u00e9 pour la valider ensemble.<\/p>\n\n<h2 class=\"wp-block-heading\">Couture du v\u00eatement<\/h2>\n\n<p>Je proc\u00e8de maintenant \u00e0 la <strong>coupe <\/strong>et au <strong>montage <\/strong>de votre cr\u00e9ation dans le tissu d\u00e9finitif. Un deuxi\u00e8me essayage est programm\u00e9 pour les derniers ajustements.<br>Une fois les <strong>finitions <\/strong>termin\u00e9es, je vous remet votre v\u00eatement en main propre.<\/p><\/div><\/div><\/div><\/div><\/div><\/div><hr class=\"wp-block-separator has-text-color has-alpha-channel-opacity has-background\" style=\"background-color:#b2727f;color:#b2727f\"\/><h2 class=\"wp-block-heading\">Les Tarifs de la Couture Sur Mesure<\/h2><div class=\"wp-block-columns is-layout-flex wp-container-core-columns-is-layout-9d6595d7 wp-block-columns-is-layout-flex\"><div class=\"wp-block-column is-layout-flow wp-block-column-is-layout-flow\"><p>Chaque v\u00eatement est une <strong>cr\u00e9ation unique<\/strong>.<\/p>\n\n<p>Le tarif d\u00e9pend donc du temps pass\u00e9 et des mati\u00e8res premi\u00e8res utilis\u00e9es.<\/p>\n\n<p>Pour chaque projet, un <strong>devis gratuit<\/strong> est r\u00e9alis\u00e9. Il comprend :<\/p>\n\n<ul class=\"wp-block-list\"><li>La d\u00e9finition de votre projet<\/li>\n\n<li>La prise de vos mesures<\/li>\n\n<li>Le tra\u00e7age du patron<\/li>\n\n<li>La r\u00e9alisation d&#8217;une toile et de son essayage<\/li>\n\n<li>La coupe et le montage du v\u00eatement dans le tissu d\u00e9finitif.<\/li>\n\n<li>L&#8217;essayage du v\u00eatement avant finition<\/li>\n\n<li>Les finitions (Boutons, Ourlet, &#8230;)<\/li>\n\n<li>La livraison du v\u00eatement fini<\/li><\/ul>\n\n<div class=\"wp-block-buttons is-content-justification-right is-layout-flex wp-container-core-buttons-is-layout-765c4724 wp-block-buttons-is-layout-flex\"><div class=\"wp-block-button is-style-outline is-style-outline--3\"><a class=\"wp-block-button__link wp-element-button\" href=\"http:\/\/www.satinpoursoie.fr\/index.php\/contacts\/\">Demande de Tarifs&#8230;<\/a><\/div><\/div><\/div>\n\n<div class=\"wp-block-column is-layout-flow wp-block-column-is-layout-flow\"><figure class=\"wp-block-image size-large\"><img decoding=\"async\" src=\"http:\/\/www.satinpoursoie.fr\/wp-content\/uploads\/2023\/04\/20230315_115056-768x1024.jpg\" alt=\"\" class=\"wp-image-115\"\/><\/figure><\/div><\/div>","protected":false},"excerpt":{"rendered":"<p>Osez la couture Sur-Mesure, Chaque v\u00eatement est vraiment une cr\u00e9ation unique et personnelle. Osez la couture sur mesure, c&#8217;est r\u00e9aliser son r\u00eave vestimentaire Les \u00c9tapes de la Couture Sur Mesure D\u00e9finition du v\u00eatement Lors de notre premi\u00e8re rencontre, nous d\u00e9finissons ensemble votre projet : Forme de votre v\u00eatement, ampleur, type de col, de manche, doublure &hellip; <\/p>\n","protected":false},"author":1,"featured_media":321,"parent":0,"menu_order":0,"comment_status":"closed","ping_status":"closed","template":"","meta":{"footnotes":""},"class_list":["post-14","page","type-page","status-publish","has-post-thumbnail","hentry"],"_links":{"self":[{"href":"https:\/\/test.satinpoursoie.fr\/index.php\/wp-json\/wp\/v2\/pages\/14","targetHints":{"allow":["GET"]}}],"collection":[{"href":"https:\/\/test.satinpoursoie.fr\/index.php\/wp-json\/wp\/v2\/pages"}],"about":[{"href":"https:\/\/test.satinpoursoie.fr\/index.php\/wp-json\/wp\/v2\/types\/page"}],"author":[{"embeddable":true,"href":"https:\/\/test.satinpoursoie.fr\/index.php\/wp-json\/wp\/v2\/users\/1"}],"replies":[{"embeddable":true,"href":"https:\/\/test.satinpoursoie.fr\/index.php\/wp-json\/wp\/v2\/comments?post=14"}],"version-history":[{"count":0,"href":"https:\/\/test.satinpoursoie.fr\/index.php\/wp-json\/wp\/v2\/pages\/14\/revisions"}],"wp:featuredmedia":[{"embeddable":true,"href":"https:\/\/test.satinpoursoie.fr\/index.php\/wp-json\/"}],"wp:attachment":[{"href":"https:\/\/test.satinpoursoie.fr\/index.php\/wp-json\/wp\/v2\/media?parent=14"}],"curies":[{"name":"wp","href":"https:\/\/api.w.org\/{rel}","templated":true}]}}